{"id":1609,"date":"2024-01-26T09:17:54","date_gmt":"2024-01-26T08:17:54","guid":{"rendered":"https:\/\/sopronigyujtemenyek.lutheran.hu\/?page_id=1609"},"modified":"2025-06-06T08:52:10","modified_gmt":"2025-06-06T07:52:10","slug":"raktari-jegyzekek","status":"publish","type":"page","link":"https:\/\/sopronigyujtemenyek.lutheran.hu\/?page_id=1609","title":{"rendered":"Rakt\u00e1ri jegyz\u00e9kek"},"content":{"rendered":"<p><a href=\"https:\/\/sopronigyujtemenyek.lutheran.hu\/wp-content\/uploads\/I_1_m_-Lelkeszi-szolgalat-alatt-keletkezett-iratok.docx.pdf\">I_1_m_ Lelk\u00e9szi szolg\u00e1lat alatt keletkezett iratok.docx<\/a><\/p>\n<p><a href=\"https:\/\/sopronigyujtemenyek.lutheran.hu\/wp-content\/uploads\/XIV_9_-Dr.-Kiss-Jeno-lelkesz-iratai.pdf\">XIV_9_ Dr. Kiss Jen\u0151 lelk\u00e9sz iratai<\/a><\/p>\n<p><a href=\"https:\/\/sopronigyujtemenyek.lutheran.hu\/wp-content\/uploads\/I_1_nj_epitobizottsag.pdf\">I_1_nj_\u00e9p\u00edt\u0151bizotts\u00e1g<\/a><\/p>\n<p><a href=\"https:\/\/sopronigyujtemenyek.lutheran.hu\/wp-content\/uploads\/I_1_nn_Soproni-Liceumi-Tapintezet-iratai.pdf\">I_1_nn_Soproni L\u00edceumi T\u00e1pint\u00e9zet iratai<\/a><\/p>\n","protected":false},"excerpt":{"rendered":"<p>I_1_m_ Lelk\u00e9szi szolg\u00e1lat alatt keletkezett iratok.docx XIV_9_ Dr. Kiss Jen\u0151 lelk\u00e9sz iratai I_1_nj_\u00e9p\u00edt\u0151bizotts\u00e1g I_1_nn_Soproni L\u00edceumi T\u00e1pint\u00e9zet iratai<\/p>\n","protected":false},"author":1,"featured_media":0,"parent":32,"menu_order":7,"comment_status":"closed","ping_status":"closed","template":"","meta":{"footnotes":""},"class_list":["post-1609","page","type-page","status-publish","hentry"],"_links":{"self":[{"href":"https:\/\/sopronigyujtemenyek.lutheran.hu\/index.php?rest_route=\/wp\/v2\/pages\/1609","targetHints":{"allow":["GET"]}}],"collection":[{"href":"https:\/\/sopronigyujtemenyek.lutheran.hu\/index.php?rest_route=\/wp\/v2\/pages"}],"about":[{"href":"https:\/\/sopronigyujtemenyek.lutheran.hu\/index.php?rest_route=\/wp\/v2\/types\/page"}],"author":[{"embeddable":true,"href":"https:\/\/sopronigyujtemenyek.lutheran.hu\/index.php?rest_route=\/wp\/v2\/users\/1"}],"replies":[{"embeddable":true,"href":"https:\/\/sopronigyujtemenyek.lutheran.hu\/index.php?rest_route=%2Fwp%2Fv2%2Fcomments&post=1609"}],"version-history":[{"count":5,"href":"https:\/\/sopronigyujtemenyek.lutheran.hu\/index.php?rest_route=\/wp\/v2\/pages\/1609\/revisions"}],"predecessor-version":[{"id":2084,"href":"https:\/\/sopronigyujtemenyek.lutheran.hu\/index.php?rest_route=\/wp\/v2\/pages\/1609\/revisions\/2084"}],"up":[{"embeddable":true,"href":"https:\/\/sopronigyujtemenyek.lutheran.hu\/index.php?rest_route=\/wp\/v2\/pages\/32"}],"wp:attachment":[{"href":"https:\/\/sopronigyujtemenyek.lutheran.hu\/index.php?rest_route=%2Fwp%2Fv2%2Fmedia&parent=1609"}],"curies":[{"name":"wp","href":"https:\/\/api.w.org\/{rel}","templated":true}]}}