{"id":241,"date":"2017-04-14T07:22:45","date_gmt":"2017-04-14T06:22:45","guid":{"rendered":"http:\/\/sopronigyujtemenyek.lutheran.hu\/?page_id=241"},"modified":"2026-01-28T11:09:28","modified_gmt":"2026-01-28T10:09:28","slug":"fondjegyzek","status":"publish","type":"page","link":"https:\/\/sopronigyujtemenyek.lutheran.hu\/?page_id=241","title":{"rendered":"Fondjegyz\u00e9k"},"content":{"rendered":"<p>A fondjegyz\u00e9k az al\u00e1bbi linkre kattintva \u00e9rhet\u0151 el:<\/p>\n<p><a href=\"https:\/\/sopronigyujtemenyek.lutheran.hu\/wp-content\/uploads\/Fondjegyzek_2026.01.28.pdf\">Fondjegyz\u00e9k_2026.01.28.<\/a><\/p>\n","protected":false},"excerpt":{"rendered":"<p>A fondjegyz\u00e9k az al\u00e1bbi linkre kattintva \u00e9rhet\u0151 el: Fondjegyz\u00e9k_2026.01.28.<\/p>\n","protected":false},"author":1,"featured_media":0,"parent":32,"menu_order":5,"comment_status":"closed","ping_status":"closed","template":"","meta":{"footnotes":""},"class_list":["post-241","page","type-page","status-publish","hentry"],"_links":{"self":[{"href":"https:\/\/sopronigyujtemenyek.lutheran.hu\/index.php?rest_route=\/wp\/v2\/pages\/241","targetHints":{"allow":["GET"]}}],"collection":[{"href":"https:\/\/sopronigyujtemenyek.lutheran.hu\/index.php?rest_route=\/wp\/v2\/pages"}],"about":[{"href":"https:\/\/sopronigyujtemenyek.lutheran.hu\/index.php?rest_route=\/wp\/v2\/types\/page"}],"author":[{"embeddable":true,"href":"https:\/\/sopronigyujtemenyek.lutheran.hu\/index.php?rest_route=\/wp\/v2\/users\/1"}],"replies":[{"embeddable":true,"href":"https:\/\/sopronigyujtemenyek.lutheran.hu\/index.php?rest_route=%2Fwp%2Fv2%2Fcomments&post=241"}],"version-history":[{"count":22,"href":"https:\/\/sopronigyujtemenyek.lutheran.hu\/index.php?rest_route=\/wp\/v2\/pages\/241\/revisions"}],"predecessor-version":[{"id":2124,"href":"https:\/\/sopronigyujtemenyek.lutheran.hu\/index.php?rest_route=\/wp\/v2\/pages\/241\/revisions\/2124"}],"up":[{"embeddable":true,"href":"https:\/\/sopronigyujtemenyek.lutheran.hu\/index.php?rest_route=\/wp\/v2\/pages\/32"}],"wp:attachment":[{"href":"https:\/\/sopronigyujtemenyek.lutheran.hu\/index.php?rest_route=%2Fwp%2Fv2%2Fmedia&parent=241"}],"curies":[{"name":"wp","href":"https:\/\/api.w.org\/{rel}","templated":true}]}}