{"id":34,"date":"2015-11-26T07:22:38","date_gmt":"2015-11-26T07:22:38","guid":{"rendered":"http:\/\/sopronigyujtemenyek.lutheran.hu\/?page_id=34"},"modified":"2016-02-03T09:12:01","modified_gmt":"2016-02-03T08:12:01","slug":"leveltar-nyitva-tartas","status":"publish","type":"page","link":"https:\/\/sopronigyujtemenyek.lutheran.hu\/?page_id=34","title":{"rendered":"Nyitva tart\u00e1s"},"content":{"rendered":"<p>H\u00e9tf\u0151: 8:00 &#8211; 12:00 \u00f3r\u00e1ig<br \/>\nKedd: 8:00 &#8211; 12:00 \u00f3r\u00e1ig<br \/>\nSzerda: 8:00 &#8211; 12:00 \u00f3r\u00e1ig<\/p>\n<p>&nbsp;<\/p>\n","protected":false},"excerpt":{"rendered":"<p>H\u00e9tf\u0151: 8:00 &#8211; 12:00 \u00f3r\u00e1ig Kedd: 8:00 &#8211; 12:00 \u00f3r\u00e1ig Szerda: 8:00 &#8211; 12:00 \u00f3r\u00e1ig &nbsp;<\/p>\n","protected":false},"author":1,"featured_media":0,"parent":32,"menu_order":0,"comment_status":"closed","ping_status":"closed","template":"","meta":{"footnotes":""},"class_list":["post-34","page","type-page","status-publish","hentry"],"_links":{"self":[{"href":"https:\/\/sopronigyujtemenyek.lutheran.hu\/index.php?rest_route=\/wp\/v2\/pages\/34","targetHints":{"allow":["GET"]}}],"collection":[{"href":"https:\/\/sopronigyujtemenyek.lutheran.hu\/index.php?rest_route=\/wp\/v2\/pages"}],"about":[{"href":"https:\/\/sopronigyujtemenyek.lutheran.hu\/index.php?rest_route=\/wp\/v2\/types\/page"}],"author":[{"embeddable":true,"href":"https:\/\/sopronigyujtemenyek.lutheran.hu\/index.php?rest_route=\/wp\/v2\/users\/1"}],"replies":[{"embeddable":true,"href":"https:\/\/sopronigyujtemenyek.lutheran.hu\/index.php?rest_route=%2Fwp%2Fv2%2Fcomments&post=34"}],"version-history":[{"count":4,"href":"https:\/\/sopronigyujtemenyek.lutheran.hu\/index.php?rest_route=\/wp\/v2\/pages\/34\/revisions"}],"predecessor-version":[{"id":142,"href":"https:\/\/sopronigyujtemenyek.lutheran.hu\/index.php?rest_route=\/wp\/v2\/pages\/34\/revisions\/142"}],"up":[{"embeddable":true,"href":"https:\/\/sopronigyujtemenyek.lutheran.hu\/index.php?rest_route=\/wp\/v2\/pages\/32"}],"wp:attachment":[{"href":"https:\/\/sopronigyujtemenyek.lutheran.hu\/index.php?rest_route=%2Fwp%2Fv2%2Fmedia&parent=34"}],"curies":[{"name":"wp","href":"https:\/\/api.w.org\/{rel}","templated":true}]}}