{"id":38,"date":"2015-11-26T07:25:49","date_gmt":"2015-11-26T07:25:49","guid":{"rendered":"http:\/\/sopronigyujtemenyek.lutheran.hu\/?page_id=38"},"modified":"2025-09-30T10:02:22","modified_gmt":"2025-09-30T09:02:22","slug":"leveltar-szolgaltatasok-es-azok-dijai","status":"publish","type":"page","link":"https:\/\/sopronigyujtemenyek.lutheran.hu\/?page_id=38","title":{"rendered":"Szolg\u00e1ltat\u00e1sok \u00e9s azok d\u00edjai"},"content":{"rendered":"<p><strong>F\u00e9nym\u00e1sol\u00e1s<\/strong><br \/>\nA\/4: 50 Ft<br \/>\nA\/3: 80 Ft<\/p>\n<p><strong>Digit\u00e1lis m\u00e1solat<\/strong><br \/>\n300 Ft\/oldal<\/p>\n<p><strong>Fot\u00f3jegy<\/strong><br \/>\nSaj\u00e1t k\u00e9sz\u00fcl\u00e9kkel, korl\u00e1tlan mennyis\u00e9gben: 1.500 Ft \/ nap<\/p>\n<p>Dokumentumm\u00e1solatok kiadv\u00e1nyokba t\u00f6rt\u00e9n\u0151 felhaszn\u00e1l\u00e1sa enged\u00e9lyhez k\u00f6t\u00f6tt! Ehhez az enged\u00e9lyt \u201eFelhaszn\u00e1l\u00f3i szerz\u0151d\u00e9s\u201d kit\u00f6lt\u00e9s\u00e9vel kell k\u00e9rni!<\/p>\n<p>A gy\u0171jtem\u00e9nyben \u0151rz\u00f6tt iratokr\u00f3l, t\u00e1rgyakr\u00f3l k\u00e9sz\u00fclt fot\u00f3k felhaszn\u00e1l\u00e1si d\u00edja alapesetben: 2.000 Ft<br \/>\nAdatkeres\u00e9s \u00f3rad\u00edja: 8.000 Ft<br \/>\nCsal\u00e1dfakutat\u00e1s alapd\u00edja: 10.000 Ft<br \/>\nMinden tov\u00e1bbi munka\u00f3ra: 9.000 Ft<\/p>\n<p>&nbsp;<\/p>\n","protected":false},"excerpt":{"rendered":"<p>F\u00e9nym\u00e1sol\u00e1s A\/4: 50 Ft A\/3: 80 Ft Digit\u00e1lis m\u00e1solat 300 Ft\/oldal Fot\u00f3jegy Saj\u00e1t k\u00e9sz\u00fcl\u00e9kkel, korl\u00e1tlan mennyis\u00e9gben: 1.500 Ft \/ nap Dokumentumm\u00e1solatok kiadv\u00e1nyokba t\u00f6rt\u00e9n\u0151 felhaszn\u00e1l\u00e1sa enged\u00e9lyhez k\u00f6t\u00f6tt! Ehhez az enged\u00e9lyt \u201eFelhaszn\u00e1l\u00f3i szerz\u0151d\u00e9s\u201d kit\u00f6lt\u00e9s\u00e9vel kell k\u00e9rni! A gy\u0171jtem\u00e9nyben \u0151rz\u00f6tt iratokr\u00f3l, t\u00e1rgyakr\u00f3l k\u00e9sz\u00fclt fot\u00f3k felhaszn\u00e1l\u00e1si d\u00edja alapesetben: 2.000 Ft Adatkeres\u00e9s \u00f3rad\u00edja: 8.000 Ft Csal\u00e1dfakutat\u00e1s alapd\u00edja: 10.000 Ft Minden [&hellip;]<\/p>\n","protected":false},"author":1,"featured_media":0,"parent":32,"menu_order":20,"comment_status":"closed","ping_status":"closed","template":"","meta":{"footnotes":""},"class_list":["post-38","page","type-page","status-publish","hentry"],"_links":{"self":[{"href":"https:\/\/sopronigyujtemenyek.lutheran.hu\/index.php?rest_route=\/wp\/v2\/pages\/38","targetHints":{"allow":["GET"]}}],"collection":[{"href":"https:\/\/sopronigyujtemenyek.lutheran.hu\/index.php?rest_route=\/wp\/v2\/pages"}],"about":[{"href":"https:\/\/sopronigyujtemenyek.lutheran.hu\/index.php?rest_route=\/wp\/v2\/types\/page"}],"author":[{"embeddable":true,"href":"https:\/\/sopronigyujtemenyek.lutheran.hu\/index.php?rest_route=\/wp\/v2\/users\/1"}],"replies":[{"embeddable":true,"href":"https:\/\/sopronigyujtemenyek.lutheran.hu\/index.php?rest_route=%2Fwp%2Fv2%2Fcomments&post=38"}],"version-history":[{"count":8,"href":"https:\/\/sopronigyujtemenyek.lutheran.hu\/index.php?rest_route=\/wp\/v2\/pages\/38\/revisions"}],"predecessor-version":[{"id":2108,"href":"https:\/\/sopronigyujtemenyek.lutheran.hu\/index.php?rest_route=\/wp\/v2\/pages\/38\/revisions\/2108"}],"up":[{"embeddable":true,"href":"https:\/\/sopronigyujtemenyek.lutheran.hu\/index.php?rest_route=\/wp\/v2\/pages\/32"}],"wp:attachment":[{"href":"https:\/\/sopronigyujtemenyek.lutheran.hu\/index.php?rest_route=%2Fwp%2Fv2%2Fmedia&parent=38"}],"curies":[{"name":"wp","href":"https:\/\/api.w.org\/{rel}","templated":true}]}}