{"id":42,"date":"2015-11-26T07:28:07","date_gmt":"2015-11-26T07:28:07","guid":{"rendered":"http:\/\/sopronigyujtemenyek.lutheran.hu\/?page_id=42"},"modified":"2015-11-26T07:29:43","modified_gmt":"2015-11-26T07:29:43","slug":"a-leveltar-tortenete","status":"publish","type":"page","link":"https:\/\/sopronigyujtemenyek.lutheran.hu\/?page_id=42","title":{"rendered":"A lev\u00e9lt\u00e1r t\u00f6rt\u00e9nete"},"content":{"rendered":"<p>A soproni evang\u00e9likus egyh\u00e1zk\u00f6zs\u00e9g lev\u00e9lt\u00e1ra 121 iratfoly\u00f3m\u00e9ter iratot \u0151riz. A Gerengel Simon \u00e1ltal 1565-ben megszervezett gy\u00fclekezet, l\u00e9trej\u00f6tt\u00e9t\u0151l kezdve, k\u00fcl\u00f6nv\u00e1ltan m\u0171k\u00f6d\u00f6tt a r\u00f3mai katolikus gy\u00fclekezett\u0151l. A v\u00e1rosi tan\u00e1cs v\u00e1lasztotta, alkalmazta a gy\u00fclekezetek lelk\u00e9szeit, tan\u00edt\u00f3it, alkalmazottait.<\/p>\n<p>B\u00e1r a XVI. sz\u00e1zad v\u00e9ge fel\u00e9 m\u00e1r Sopron lakoss\u00e1g\u00e1nak t\u00f6bbs\u00e9ge az evang\u00e9likus gy\u00fclekezethez tartoz\u00f3nak vallotta mag\u00e1t, \u00e9s a v\u00e1rosi tan\u00e1cs tagjai is mind evang\u00e9likusok voltak, m\u00e9gis az ellenreform\u00e1ci\u00f3 er\u0151s nyom\u00e1st gyakorolt Luther h\u00edveire. Mintegy v\u00e9dekez\u00e9s\u00fcl, hogy soraikat szorosra z\u00e1rj\u00e1k, frontot alkossanak a mindig meg\u00fajul\u00f3 t\u00e1mad\u00e1sok ellen, a gy\u00fclekezet 1667-ben megszervezte vezet\u0151, t\u00f6rv\u00e9nyhoz\u00f3 test\u00fclet\u00e9t, az egyh\u00e1ztan\u00e1csot, melyet eleinte konziszt\u00f3riumnak, majd konventnek neveztek. Az \u00faj egyh\u00e1ztan\u00e1cs jegyz\u0151k\u00f6nyvei 1667-t\u0151l 1673-ig Lang M\u00e1ty\u00e1s lelk\u00e9sz k\u00e9z\u00edr\u00e1s\u00e1val kev\u00e9s kiv\u00e9tellel ma is megvannak. A soproni t\u0171zv\u00e9szben (1676. nov.) az evang\u00e9likusok f\u00e1b\u00f3l \u00e9p\u00fclt imah\u00e1za is elpusztult, \u00e9s vele egy\u00fctt megsemmis\u00fclt a templom sekresty\u00e9j\u00e9ben \u0151rz\u00f6tt iratanyag is.<\/p>\n<p>A lev\u00e9lt\u00e1r legr\u00e9gibb irata 1533. okt\u00f3ber 1-j\u00e9n kelt: nem egykor\u00fa kivonat Nagy Bal\u00e1zs soproni polg\u00e1r \u00e9s tan\u00e1cstag v\u00e9grendelet\u00e9b\u0151l. 1802-t\u0151l az iratokat, f\u0151leg a konventgy\u0171l\u00e9sekr\u0151l k\u00e9sz\u00edtett jegyz\u0151k\u00f6nyveket, ezek hat\u00e1rozatait sorsz\u00e1mokkal l\u00e1tt\u00e1k el a napirend pontjai szerint. 1806-ban ker\u00fclt sor az els\u0151 lev\u00e9lt\u00e1rrendez\u00e9sre.<\/p>\n<p>1860-ban Ulber M\u00e1ty\u00e1s jegyz\u0151 kapott megb\u00edz\u00e1st a lev\u00e9lt\u00e1r rendez\u00e9s\u00e9re, m\u00edg \u00f6n\u00e1ll\u00f3 lev\u00e9lt\u00e1rost nem alkalmaznak. Erre azonban nem ker\u00fclt sor. Ulber az 1533\u20131872 k\u00f6z\u00f6tti anyagot id\u0151rendbe rakta \u00e9s folyamatos sz\u00e1mokkal l\u00e1tta el. Ezut\u00e1n az iratokat hat t\u00e1rgyi csoportba sorolta: I. Vall\u00e1sgyakorlat, II.Tan\u00fcgy, III. Alap\u00edtv\u00e1nyok, IV. \u00c1rva\u00fcgyek, V. Gazdas\u00e1gi iratok, VI. Ker\u00fcleti \u00fcgyek. Ez az Ulber M\u00e1ty\u00e1s \u00e1ltal v\u00e9gzett, a lev\u00e9lt\u00e1r m\u00e1ig legjelent\u0151sebb rendez\u00e9se 1875-ben fejez\u0151d\u00f6tt be. 1872 ut\u00e1n megsz\u0171nt az iratoknak t\u00e1rgyi csoportok szerinti tagol\u00e1sa, helyette a r\u00e9gi rendhez t\u00e9rtek vissza.<\/p>\n<p>1884-t\u0151l a mai napig a jegyz\u0151k\u00f6nyveknek \u00e9s mell\u00e9kleteiknek \u0151rz\u00e9se v\u00e1ltozatlan rendben t\u00f6rt\u00e9nik. A k\u00f6nyvanyagot az egys\u00e9ges rendb\u0151l kiemelt\u00e9k, \u00edgy mind az iratanyag, mind a k\u00f6nyvek k\u00f6nnyebben voltak kezelhet\u0151k.<\/p>\n<p>&nbsp;<\/p>\n","protected":false},"excerpt":{"rendered":"<p>A soproni evang\u00e9likus egyh\u00e1zk\u00f6zs\u00e9g lev\u00e9lt\u00e1ra 121 iratfoly\u00f3m\u00e9ter iratot \u0151riz. A Gerengel Simon \u00e1ltal 1565-ben megszervezett gy\u00fclekezet, l\u00e9trej\u00f6tt\u00e9t\u0151l kezdve, k\u00fcl\u00f6nv\u00e1ltan m\u0171k\u00f6d\u00f6tt a r\u00f3mai katolikus gy\u00fclekezett\u0151l. A v\u00e1rosi tan\u00e1cs v\u00e1lasztotta, alkalmazta a gy\u00fclekezetek lelk\u00e9szeit, tan\u00edt\u00f3it, alkalmazottait. B\u00e1r a XVI. sz\u00e1zad v\u00e9ge fel\u00e9 m\u00e1r Sopron lakoss\u00e1g\u00e1nak t\u00f6bbs\u00e9ge az evang\u00e9likus gy\u00fclekezethez tartoz\u00f3nak vallotta mag\u00e1t, \u00e9s a v\u00e1rosi tan\u00e1cs tagjai [&hellip;]<\/p>\n","protected":false},"author":1,"featured_media":0,"parent":32,"menu_order":40,"comment_status":"closed","ping_status":"closed","template":"","meta":{"footnotes":""},"class_list":["post-42","page","type-page","status-publish","hentry"],"_links":{"self":[{"href":"https:\/\/sopronigyujtemenyek.lutheran.hu\/index.php?rest_route=\/wp\/v2\/pages\/42","targetHints":{"allow":["GET"]}}],"collection":[{"href":"https:\/\/sopronigyujtemenyek.lutheran.hu\/index.php?rest_route=\/wp\/v2\/pages"}],"about":[{"href":"https:\/\/sopronigyujtemenyek.lutheran.hu\/index.php?rest_route=\/wp\/v2\/types\/page"}],"author":[{"embeddable":true,"href":"https:\/\/sopronigyujtemenyek.lutheran.hu\/index.php?rest_route=\/wp\/v2\/users\/1"}],"replies":[{"embeddable":true,"href":"https:\/\/sopronigyujtemenyek.lutheran.hu\/index.php?rest_route=%2Fwp%2Fv2%2Fcomments&post=42"}],"version-history":[{"count":1,"href":"https:\/\/sopronigyujtemenyek.lutheran.hu\/index.php?rest_route=\/wp\/v2\/pages\/42\/revisions"}],"predecessor-version":[{"id":43,"href":"https:\/\/sopronigyujtemenyek.lutheran.hu\/index.php?rest_route=\/wp\/v2\/pages\/42\/revisions\/43"}],"up":[{"embeddable":true,"href":"https:\/\/sopronigyujtemenyek.lutheran.hu\/index.php?rest_route=\/wp\/v2\/pages\/32"}],"wp:attachment":[{"href":"https:\/\/sopronigyujtemenyek.lutheran.hu\/index.php?rest_route=%2Fwp%2Fv2%2Fmedia&parent=42"}],"curies":[{"name":"wp","href":"https:\/\/api.w.org\/{rel}","templated":true}]}}