{"id":54,"date":"2015-11-26T07:34:27","date_gmt":"2015-11-26T07:34:27","guid":{"rendered":"http:\/\/sopronigyujtemenyek.lutheran.hu\/?page_id=54"},"modified":"2023-08-15T12:02:39","modified_gmt":"2023-08-15T11:02:39","slug":"munkatarsak","status":"publish","type":"page","link":"https:\/\/sopronigyujtemenyek.lutheran.hu\/?page_id=54","title":{"rendered":"Munkat\u00e1rsak"},"content":{"rendered":"<p>Dr. Krisch Andr\u00e1s PhD &#8211; gy\u0171jtem\u00e9nyvezet\u0151<br \/>\n<a href=\"mailto:krisch.andras@lutheran.hu\">krisch.andras@lutheran.hu<\/a><\/p>\n<p>Hutkain\u00e9 Buri\u00e1n Zs\u00f3fia &#8211; gy\u0171jtem\u00e9nyi munkat\u00e1rs<\/p>\n<p>&nbsp;<\/p>\n","protected":false},"excerpt":{"rendered":"<p>Dr. Krisch Andr\u00e1s PhD &#8211; gy\u0171jtem\u00e9nyvezet\u0151 krisch.andras@lutheran.hu Hutkain\u00e9 Buri\u00e1n Zs\u00f3fia &#8211; gy\u0171jtem\u00e9nyi munkat\u00e1rs &nbsp;<\/p>\n","protected":false},"author":1,"featured_media":0,"parent":52,"menu_order":0,"comment_status":"closed","ping_status":"closed","template":"","meta":{"footnotes":""},"class_list":["post-54","page","type-page","status-publish","hentry"],"_links":{"self":[{"href":"https:\/\/sopronigyujtemenyek.lutheran.hu\/index.php?rest_route=\/wp\/v2\/pages\/54","targetHints":{"allow":["GET"]}}],"collection":[{"href":"https:\/\/sopronigyujtemenyek.lutheran.hu\/index.php?rest_route=\/wp\/v2\/pages"}],"about":[{"href":"https:\/\/sopronigyujtemenyek.lutheran.hu\/index.php?rest_route=\/wp\/v2\/types\/page"}],"author":[{"embeddable":true,"href":"https:\/\/sopronigyujtemenyek.lutheran.hu\/index.php?rest_route=\/wp\/v2\/users\/1"}],"replies":[{"embeddable":true,"href":"https:\/\/sopronigyujtemenyek.lutheran.hu\/index.php?rest_route=%2Fwp%2Fv2%2Fcomments&post=54"}],"version-history":[{"count":7,"href":"https:\/\/sopronigyujtemenyek.lutheran.hu\/index.php?rest_route=\/wp\/v2\/pages\/54\/revisions"}],"predecessor-version":[{"id":1585,"href":"https:\/\/sopronigyujtemenyek.lutheran.hu\/index.php?rest_route=\/wp\/v2\/pages\/54\/revisions\/1585"}],"up":[{"embeddable":true,"href":"https:\/\/sopronigyujtemenyek.lutheran.hu\/index.php?rest_route=\/wp\/v2\/pages\/52"}],"wp:attachment":[{"href":"https:\/\/sopronigyujtemenyek.lutheran.hu\/index.php?rest_route=%2Fwp%2Fv2%2Fmedia&parent=54"}],"curies":[{"name":"wp","href":"https:\/\/api.w.org\/{rel}","templated":true}]}}