{"id":56,"date":"2015-11-26T07:36:02","date_gmt":"2015-11-26T07:36:02","guid":{"rendered":"http:\/\/sopronigyujtemenyek.lutheran.hu\/?page_id=56"},"modified":"2015-11-26T07:40:10","modified_gmt":"2015-11-26T07:40:10","slug":"kozossegi-szolgalat","status":"publish","type":"page","link":"https:\/\/sopronigyujtemenyek.lutheran.hu\/?page_id=56","title":{"rendered":"K\u00f6z\u00f6ss\u00e9gi szolg\u00e1lat"},"content":{"rendered":"<p>Az iskolai k\u00f6z\u00f6ss\u00e9gi szolg\u00e1lat keret\u00e9n bel\u00fcl Gy\u0171jtem\u00e9ny\u00fcnk szeretettel v\u00e1rja azokat a di\u00e1kokat, akik \u00e9rdekl\u0151dnek a t\u00f6rt\u00e9nelem ir\u00e1nt, \u00e9s sz\u00edvesen pr\u00f3b\u00e1ln\u00e1k ki magukat t\u00e1rlatvezet\u00e9s sor\u00e1n, lev\u00e9lt\u00e1rpedag\u00f3giai\/m\u00fazeumpedag\u00f3giai feladatokban vagy h\u00e1tt\u00e9rmunk\u00e1ban.<\/p>\n<p>Egy\u00e9ni feladatok, \u00faj tapasztalatok \u00e9s maga az \u00e9l\u0151 t\u00f6rt\u00e9nelem v\u00e1rja itt a di\u00e1kokat!<\/p>\n<p>B\u0151vebb inform\u00e1ci\u00f3: 99\/324-651-es telefonsz\u00e1mon vagy a <a href=\"mailto:sopron.gyujtemenyek@lutheran.hu\">sopron.gyujtemenyek@lutheran.hu<\/a> e-mail c\u00edmen.<\/p>\n<p>&nbsp;<\/p>\n","protected":false},"excerpt":{"rendered":"<p>Az iskolai k\u00f6z\u00f6ss\u00e9gi szolg\u00e1lat keret\u00e9n bel\u00fcl Gy\u0171jtem\u00e9ny\u00fcnk szeretettel v\u00e1rja azokat a di\u00e1kokat, akik \u00e9rdekl\u0151dnek a t\u00f6rt\u00e9nelem ir\u00e1nt, \u00e9s sz\u00edvesen pr\u00f3b\u00e1ln\u00e1k ki magukat t\u00e1rlatvezet\u00e9s sor\u00e1n, lev\u00e9lt\u00e1rpedag\u00f3giai\/m\u00fazeumpedag\u00f3giai feladatokban vagy h\u00e1tt\u00e9rmunk\u00e1ban. Egy\u00e9ni feladatok, \u00faj tapasztalatok \u00e9s maga az \u00e9l\u0151 t\u00f6rt\u00e9nelem v\u00e1rja itt a di\u00e1kokat! B\u0151vebb inform\u00e1ci\u00f3: 99\/324-651-es telefonsz\u00e1mon vagy a sopron.gyujtemenyek@lutheran.hu e-mail c\u00edmen. &nbsp;<\/p>\n","protected":false},"author":1,"featured_media":0,"parent":52,"menu_order":10,"comment_status":"closed","ping_status":"closed","template":"","meta":{"footnotes":""},"class_list":["post-56","page","type-page","status-publish","hentry"],"_links":{"self":[{"href":"https:\/\/sopronigyujtemenyek.lutheran.hu\/index.php?rest_route=\/wp\/v2\/pages\/56","targetHints":{"allow":["GET"]}}],"collection":[{"href":"https:\/\/sopronigyujtemenyek.lutheran.hu\/index.php?rest_route=\/wp\/v2\/pages"}],"about":[{"href":"https:\/\/sopronigyujtemenyek.lutheran.hu\/index.php?rest_route=\/wp\/v2\/types\/page"}],"author":[{"embeddable":true,"href":"https:\/\/sopronigyujtemenyek.lutheran.hu\/index.php?rest_route=\/wp\/v2\/users\/1"}],"replies":[{"embeddable":true,"href":"https:\/\/sopronigyujtemenyek.lutheran.hu\/index.php?rest_route=%2Fwp%2Fv2%2Fcomments&post=56"}],"version-history":[{"count":1,"href":"https:\/\/sopronigyujtemenyek.lutheran.hu\/index.php?rest_route=\/wp\/v2\/pages\/56\/revisions"}],"predecessor-version":[{"id":57,"href":"https:\/\/sopronigyujtemenyek.lutheran.hu\/index.php?rest_route=\/wp\/v2\/pages\/56\/revisions\/57"}],"up":[{"embeddable":true,"href":"https:\/\/sopronigyujtemenyek.lutheran.hu\/index.php?rest_route=\/wp\/v2\/pages\/52"}],"wp:attachment":[{"href":"https:\/\/sopronigyujtemenyek.lutheran.hu\/index.php?rest_route=%2Fwp%2Fv2%2Fmedia&parent=56"}],"curies":[{"name":"wp","href":"https:\/\/api.w.org\/{rel}","templated":true}]}}