{"id":58,"date":"2015-11-26T07:37:01","date_gmt":"2015-11-26T07:37:01","guid":{"rendered":"http:\/\/sopronigyujtemenyek.lutheran.hu\/?page_id=58"},"modified":"2017-04-18T09:41:14","modified_gmt":"2017-04-18T08:41:14","slug":"honap-mutargyairata","status":"publish","type":"page","link":"https:\/\/sopronigyujtemenyek.lutheran.hu\/?page_id=58","title":{"rendered":"H\u00f3nap m\u0171t\u00e1rgya\/irata"},"content":{"rendered":"<p><strong><img decoding=\"async\" class=\"alignright wp-image-136 size-full\" src=\"http:\/\/sopronigyujtemenyek.lutheran.hu\/wp-content\/uploads\/galffy-adomanylevel.jpg\" alt=\"galffy-adomanylevel\" width=\"300\" height=\"443\" srcset=\"https:\/\/sopronigyujtemenyek.lutheran.hu\/wp-content\/uploads\/galffy-adomanylevel.jpg 300w, https:\/\/sopronigyujtemenyek.lutheran.hu\/wp-content\/uploads\/galffy-adomanylevel-203x300.jpg 203w\" sizes=\"(max-width: 300px) 100vw, 300px\" \/>G\u00e1lffy \u00c1d\u00e1m adom\u00e1nylevele, 1676. augusztus 25.<\/strong><\/p>\n<p>A gy\u00fclekezet az \u00e9vsz\u00e1zadok sor\u00e1n sz\u00e1mos j\u00f3tev\u0151j\u00e9nek mondhatott k\u00f6sz\u00f6netet, de mindannyiuk k\u00f6z\u00fcl kiemelkedik G\u00e1lffy \u00c1d\u00e1m (1622-1686) cs\u00e1sz\u00e1ri \u00e9s kir\u00e1ly kamar\u00e1s szem\u00e9lye. Soproni sz\u00e1rmaz\u00e1s\u00fa keresked\u0151csal\u00e1d sarja, aki miut\u00e1n bej\u00e1rta a vil\u00e1got, r\u00e9szt vett a t\u00f6r\u00f6k\u00f6k elleni t\u00e9li hadj\u00e1ratban, majd 1674-ben a szabad vall\u00e1sgyakorl\u00e1s lehet\u0151s\u00e9ge miatt k\u00f6lt\u00f6z\u00f6tt vissza Sopronba.<\/p>\n<p>Tizenk\u00e9t \u00e9vig \u00e9lt m\u00e9g itt, ezalatt nagylelk\u0171 adom\u00e1nyokkal gazdag\u00edtotta gy\u00fclekezet\u00e9t. Miut\u00e1n az \u0151 jelent\u0151s anyagi hozz\u00e1j\u00e1rul\u00e1s\u00e1val 1674-ben meg\u00e9p\u00fclt els\u0151 fatemplom k\u00e9t \u00e9vvel k\u00e9s\u0151bb le\u00e9gett, az \u00faj fatemplom \u00e9p\u00edt\u00e9s\u00e9re adakoz\u00f3k k\u00f6z\u00f6tt ism\u00e9t ott tal\u00e1ljuk.<\/p>\n<p>Az al\u00e1bb k\u00f6z\u00f6lt adom\u00e1nylev\u00e9lben hagyja a gy\u00fclekezetre gy\u0171jtem\u00e9ny\u00fcnk egyik legbecsesebb darabj\u00e1t, a bibliai jelenetekkel d\u00edsz\u00edtett aranyozott ez\u00fcst keresztel\u0151t\u00e1lat a hozz\u00e1 tartoz\u00f3 kancs\u00f3val egy\u00fctt, amelyet az Iparm\u0171v\u00e9szeti M\u00fazeum \u0151riz, \u00e9s 2017 okt\u00f3ber\u00e9ig \u00e1lland\u00f3 ki\u00e1ll\u00edt\u00e1sunkon megtekinthet\u0151.<\/p>\n<p>G\u00e1lffy \u00c1d\u00e1m tov\u00e1bbi \u00e9rt\u00e9kes adom\u00e1nyair\u00f3l a k\u00e9s\u0151bbiekben is \u00edrni fogunk.<\/p>\n<p>&nbsp;<\/p>\n<blockquote><p>\u00c9n G\u00e1llffy \u00c1d\u00e1m, a r\u00f3mai cs\u00e1sz\u00e1ri fels\u00e9g kamar\u00e1sa ennek erej\u00e9vel kinyilv\u00e1n\u00edtom, mivel megengedhetem magamnak, hogy az \u00e9n j\u00f3 Istenem tisztelet\u00e9re \u00e9s szent haszn\u00e1lat\u00e1ra egy tiszta ez\u00fcst \u00e9s d\u00edszesen aranyozott keresztel\u0151 t\u00e1lat a hozz\u00e1tartoz\u00f3 kancs\u00f3val, melyek egy\u00fcttesen b\u00e9csi s\u00falym\u00e9rt\u00e9kben 10 m\u00e1rk\u00e1t \u00e9s 4 latot tesznek ki augsburgi pr\u00f3b\u00e1val, a mai napon a Soproni Evang\u00e9likus Konventnek adom\u00e1nyozom. Az adom\u00e1nyoz\u00e1s mindaddig \u00e9rv\u00e9nyes, am\u00edg Isten\u00fcnk a soproni evang\u00e9likus gy\u00fclekezetet fenntartja, ennek megsz\u0171n\u00e9se eset\u00e9n a k\u00e9t t\u00e1rgy tulajdonjoga minden vita vagy tiltakoz\u00e1s n\u00e9lk\u00fcl visszasz\u00e1ll r\u00e1m. Ezt az adom\u00e1nyoz\u00e1st, nem saj\u00e1t kez\u0171leg \u00edrtam, azonban al\u00e1\u00edr\u00e1sommal \u00e9s pecs\u00e9temmel is meger\u0151s\u00edtem.<\/p>\n<p>T\u00f6rt\u00e9nt Sopronban, az 1676. \u00e9vben augusztus h\u00f3nap 25. napj\u00e1n<\/p>\n<p>Adam Gallffy<\/p><\/blockquote>\n<p>&nbsp;<\/p>\n","protected":false},"excerpt":{"rendered":"<p>G\u00e1lffy \u00c1d\u00e1m adom\u00e1nylevele, 1676. augusztus 25. A gy\u00fclekezet az \u00e9vsz\u00e1zadok sor\u00e1n sz\u00e1mos j\u00f3tev\u0151j\u00e9nek mondhatott k\u00f6sz\u00f6netet, de mindannyiuk k\u00f6z\u00fcl kiemelkedik G\u00e1lffy \u00c1d\u00e1m (1622-1686) cs\u00e1sz\u00e1ri \u00e9s kir\u00e1ly kamar\u00e1s szem\u00e9lye. Soproni sz\u00e1rmaz\u00e1s\u00fa keresked\u0151csal\u00e1d sarja, aki miut\u00e1n bej\u00e1rta a vil\u00e1got, r\u00e9szt vett a t\u00f6r\u00f6k\u00f6k elleni t\u00e9li hadj\u00e1ratban, majd 1674-ben a szabad vall\u00e1sgyakorl\u00e1s lehet\u0151s\u00e9ge miatt k\u00f6lt\u00f6z\u00f6tt vissza Sopronba. Tizenk\u00e9t \u00e9vig [&hellip;]<\/p>\n","protected":false},"author":1,"featured_media":0,"parent":52,"menu_order":20,"comment_status":"closed","ping_status":"closed","template":"","meta":{"footnotes":""},"class_list":["post-58","page","type-page","status-publish","hentry"],"_links":{"self":[{"href":"https:\/\/sopronigyujtemenyek.lutheran.hu\/index.php?rest_route=\/wp\/v2\/pages\/58","targetHints":{"allow":["GET"]}}],"collection":[{"href":"https:\/\/sopronigyujtemenyek.lutheran.hu\/index.php?rest_route=\/wp\/v2\/pages"}],"about":[{"href":"https:\/\/sopronigyujtemenyek.lutheran.hu\/index.php?rest_route=\/wp\/v2\/types\/page"}],"author":[{"embeddable":true,"href":"https:\/\/sopronigyujtemenyek.lutheran.hu\/index.php?rest_route=\/wp\/v2\/users\/1"}],"replies":[{"embeddable":true,"href":"https:\/\/sopronigyujtemenyek.lutheran.hu\/index.php?rest_route=%2Fwp%2Fv2%2Fcomments&post=58"}],"version-history":[{"count":13,"href":"https:\/\/sopronigyujtemenyek.lutheran.hu\/index.php?rest_route=\/wp\/v2\/pages\/58\/revisions"}],"predecessor-version":[{"id":245,"href":"https:\/\/sopronigyujtemenyek.lutheran.hu\/index.php?rest_route=\/wp\/v2\/pages\/58\/revisions\/245"}],"up":[{"embeddable":true,"href":"https:\/\/sopronigyujtemenyek.lutheran.hu\/index.php?rest_route=\/wp\/v2\/pages\/52"}],"wp:attachment":[{"href":"https:\/\/sopronigyujtemenyek.lutheran.hu\/index.php?rest_route=%2Fwp%2Fv2%2Fmedia&parent=58"}],"curies":[{"name":"wp","href":"https:\/\/api.w.org\/{rel}","templated":true}]}}