{"id":62,"date":"2015-11-26T07:39:34","date_gmt":"2015-11-26T07:39:34","guid":{"rendered":"http:\/\/sopronigyujtemenyek.lutheran.hu\/?page_id=62"},"modified":"2016-02-16T20:24:26","modified_gmt":"2016-02-16T19:24:26","slug":"elerhetosegek","status":"publish","type":"page","link":"https:\/\/sopronigyujtemenyek.lutheran.hu\/?page_id=62","title":{"rendered":"El\u00e9rhet\u0151s\u00e9gek"},"content":{"rendered":"<p>C\u00edm\u00fcnk: 9400 Sopron, Sz\u00ednh\u00e1z utca 27.<br \/>\nGy\u0171jtem\u00e9ny\u00fcnk a Soproni Evang\u00e9likus Egyh\u00e1zk\u00f6zs\u00e9g gy\u00fclekezeti h\u00e1z\u00e1ban a f\u00f6ldszinten tal\u00e1lhat\u00f3.<\/p>\n<p>Telefon: +36-99-324-651<br \/>\nE-mail: <a href=\"mailto:sopron.gyujtemenyek@lutheran.hu\">sopron.gyujtemenyek@lutheran.hu<\/a><\/p>\n<p>&nbsp;<\/p>\n<p><iframe src=\"https:\/\/www.google.com\/maps\/embed?pb=!1m14!1m8!1m3!1d1342.9742168065363!2d16.5888803!3d47.6854214!3m2!1i1024!2i768!4f13.1!3m3!1m2!1s0x0%3A0x6b1953cbd9a33a9c!2sSoproni+Evang%C3%A9likus+Gy%C5%B1jtem%C3%A9nyek!5e0!3m2!1shu!2sus!4v1455650480228\" width=\"100%\" height=\"450\" frameborder=\"0\" style=\"border:0\" allowfullscreen><\/iframe><\/p>\n<p>&nbsp;<\/p>\n","protected":false},"excerpt":{"rendered":"<p>C\u00edm\u00fcnk: 9400 Sopron, Sz\u00ednh\u00e1z utca 27. Gy\u0171jtem\u00e9ny\u00fcnk a Soproni Evang\u00e9likus Egyh\u00e1zk\u00f6zs\u00e9g gy\u00fclekezeti h\u00e1z\u00e1ban a f\u00f6ldszinten tal\u00e1lhat\u00f3. Telefon: +36-99-324-651 E-mail: sopron.gyujtemenyek@lutheran.hu &nbsp; &nbsp;<\/p>\n","protected":false},"author":1,"featured_media":0,"parent":52,"menu_order":50,"comment_status":"closed","ping_status":"closed","template":"","meta":{"footnotes":""},"class_list":["post-62","page","type-page","status-publish","hentry"],"_links":{"self":[{"href":"https:\/\/sopronigyujtemenyek.lutheran.hu\/index.php?rest_route=\/wp\/v2\/pages\/62","targetHints":{"allow":["GET"]}}],"collection":[{"href":"https:\/\/sopronigyujtemenyek.lutheran.hu\/index.php?rest_route=\/wp\/v2\/pages"}],"about":[{"href":"https:\/\/sopronigyujtemenyek.lutheran.hu\/index.php?rest_route=\/wp\/v2\/types\/page"}],"author":[{"embeddable":true,"href":"https:\/\/sopronigyujtemenyek.lutheran.hu\/index.php?rest_route=\/wp\/v2\/users\/1"}],"replies":[{"embeddable":true,"href":"https:\/\/sopronigyujtemenyek.lutheran.hu\/index.php?rest_route=%2Fwp%2Fv2%2Fcomments&post=62"}],"version-history":[{"count":7,"href":"https:\/\/sopronigyujtemenyek.lutheran.hu\/index.php?rest_route=\/wp\/v2\/pages\/62\/revisions"}],"predecessor-version":[{"id":161,"href":"https:\/\/sopronigyujtemenyek.lutheran.hu\/index.php?rest_route=\/wp\/v2\/pages\/62\/revisions\/161"}],"up":[{"embeddable":true,"href":"https:\/\/sopronigyujtemenyek.lutheran.hu\/index.php?rest_route=\/wp\/v2\/pages\/52"}],"wp:attachment":[{"href":"https:\/\/sopronigyujtemenyek.lutheran.hu\/index.php?rest_route=%2Fwp%2Fv2%2Fmedia&parent=62"}],"curies":[{"name":"wp","href":"https:\/\/api.w.org\/{rel}","templated":true}]}}