{"id":9,"date":"2015-11-26T07:07:32","date_gmt":"2015-11-26T07:07:32","guid":{"rendered":"http:\/\/sopronigyujtemenyek.lutheran.hu\/?page_id=9"},"modified":"2017-01-10T12:20:10","modified_gmt":"2017-01-10T11:20:10","slug":"konyvtar-nyitva-tartas","status":"publish","type":"page","link":"https:\/\/sopronigyujtemenyek.lutheran.hu\/?page_id=9","title":{"rendered":"Nyitva tart\u00e1s"},"content":{"rendered":"<p>A kutat\u00e1shoz el\u0151zetes \u00edr\u00e1sbeli bejelentkez\u00e9s sz\u00fcks\u00e9ges a <a href=\"mailto:sopron.gyujtemenyek@lutheran.hu\">sopron.gyujtemenyek@lutheran.hu<\/a> e-mail c\u00edmen, a kutat\u00e1s pontos megjel\u00f6l\u00e9s\u00e9vel.<\/p>\n","protected":false},"excerpt":{"rendered":"<p>A kutat\u00e1shoz el\u0151zetes \u00edr\u00e1sbeli bejelentkez\u00e9s sz\u00fcks\u00e9ges a sopron.gyujtemenyek@lutheran.hu e-mail c\u00edmen, a kutat\u00e1s pontos megjel\u00f6l\u00e9s\u00e9vel.<\/p>\n","protected":false},"author":1,"featured_media":0,"parent":7,"menu_order":0,"comment_status":"closed","ping_status":"closed","template":"","meta":{"footnotes":""},"class_list":["post-9","page","type-page","status-publish","hentry"],"_links":{"self":[{"href":"https:\/\/sopronigyujtemenyek.lutheran.hu\/index.php?rest_route=\/wp\/v2\/pages\/9","targetHints":{"allow":["GET"]}}],"collection":[{"href":"https:\/\/sopronigyujtemenyek.lutheran.hu\/index.php?rest_route=\/wp\/v2\/pages"}],"about":[{"href":"https:\/\/sopronigyujtemenyek.lutheran.hu\/index.php?rest_route=\/wp\/v2\/types\/page"}],"author":[{"embeddable":true,"href":"https:\/\/sopronigyujtemenyek.lutheran.hu\/index.php?rest_route=\/wp\/v2\/users\/1"}],"replies":[{"embeddable":true,"href":"https:\/\/sopronigyujtemenyek.lutheran.hu\/index.php?rest_route=%2Fwp%2Fv2%2Fcomments&post=9"}],"version-history":[{"count":2,"href":"https:\/\/sopronigyujtemenyek.lutheran.hu\/index.php?rest_route=\/wp\/v2\/pages\/9\/revisions"}],"predecessor-version":[{"id":229,"href":"https:\/\/sopronigyujtemenyek.lutheran.hu\/index.php?rest_route=\/wp\/v2\/pages\/9\/revisions\/229"}],"up":[{"embeddable":true,"href":"https:\/\/sopronigyujtemenyek.lutheran.hu\/index.php?rest_route=\/wp\/v2\/pages\/7"}],"wp:attachment":[{"href":"https:\/\/sopronigyujtemenyek.lutheran.hu\/index.php?rest_route=%2Fwp%2Fv2%2Fmedia&parent=9"}],"curies":[{"name":"wp","href":"https:\/\/api.w.org\/{rel}","templated":true}]}}