{"id":94,"date":"2015-12-25T23:17:03","date_gmt":"2015-12-25T22:17:03","guid":{"rendered":"http:\/\/sopronigyujtemenyek.lutheran.hu\/?page_id=94"},"modified":"2019-10-22T08:14:26","modified_gmt":"2019-10-22T07:14:26","slug":"kuldetes-nyilatkozat","status":"publish","type":"page","link":"https:\/\/sopronigyujtemenyek.lutheran.hu\/?page_id=94","title":{"rendered":"K\u00fcldet\u00e9snyilatkozat"},"content":{"rendered":"<p>A Soproni Evang\u00e9likus Egyh\u00e1zk\u00f6zs\u00e9g Gy\u0171jtem\u00e9nyeinek, a Lev\u00e9lt\u00e1rnak, a M\u00fazeumnak \u00e9s a K\u00f6nyvt\u00e1rnak k\u00f6z\u00f6s feladata, hogy az orsz\u00e1g legr\u00e9gebbi evang\u00e9likus gy\u00fclekezet\u00e9nek m\u00faltj\u00e1t hitelesen, de a ma embere sz\u00e1m\u00e1ra k\u00f6nnyen befogadhat\u00f3an, szem\u00e9lyes hangon k\u00f6zvet\u00edtse. A gy\u0171jtem\u00e9ny\u00e9be ker\u00fclt t\u00e1rgyakat \u0151rizze, konzerv\u00e1lja vagy restaur\u00e1lja, a kutat\u00f3k \u00e9s l\u00e1togat\u00f3k sz\u00e1m\u00e1ra ig\u00e9ny eset\u00e9n el\u00e9rhet\u0151v\u00e9 tegye, m\u00faltj\u00e1t kutassa \u00e9s a feldolgozott eredm\u00e9nyeket publik\u00e1lja, gy\u0171jtem\u00e9ny\u00e9t lehet\u0151s\u00e9geihez m\u00e9rten gyarap\u00edtsa.<\/p>\n<p>B\u00e1r gy\u0171jt\u0151k\u00f6re a Soproni Evang\u00e9likus Egyh\u00e1zmegye ter\u00fclete, kitekint\u00e9ssel \u00e9l a K\u00e1rp\u00e1t-medencei evang\u00e9likusokra \u00e9s azon t\u00fal Eur\u00f3pa evang\u00e9likus k\u00f6z\u00f6ss\u00e9g\u00e9re. Feladat\u00e1t nem elszigetelten pr\u00f3b\u00e1lja teljes\u00edteni, hanem vil\u00e1gi \u00e9s egyh\u00e1zi, helyi, t\u00e9rs\u00e9gi, orsz\u00e1gos \u00e9s n\u00e9met nyelvter\u00fcleten dolgoz\u00f3 t\u00e1rsint\u00e9zm\u00e9nyekkel egy\u00fcttm\u0171k\u00f6dve.<\/p>\n<p>Gy\u0171jtem\u00e9nyei olyan tud\u00e1st\u00e1rak, melyekb\u0151l b\u0151ven mer\u00edthetnek az oktat\u00e1s, a tudom\u00e1ny \u00e9s a m\u0171v\u00e9szetek k\u00e9pvisel\u0151i.<\/p>\n<p>Hissz\u00fck \u00e9s valljuk, hogy gy\u00fclekezet\u00fcnk t\u00f6rt\u00e9net\u00e9nek bemutat\u00e1sa nem csup\u00e1n tudom\u00e1nyos feladat, hanem hitvall\u00e1s is amellett, hogy gy\u00fclekezet\u00fcnk 450 \u00e9ves t\u00f6rt\u00e9nelm\u00e9vel csak az\u00e9rt b\u00fcszk\u00e9lkedhet\u00fcnk, mert a t\u00f6rt\u00e9nelem viharai sor\u00e1n a gy\u00fclekezetet az Egyh\u00e1z Ura tartotta kez\u00e9ben.<\/p>\n<p>&nbsp;<\/p>\n","protected":false},"excerpt":{"rendered":"<p>A Soproni Evang\u00e9likus Egyh\u00e1zk\u00f6zs\u00e9g Gy\u0171jtem\u00e9nyeinek, a Lev\u00e9lt\u00e1rnak, a M\u00fazeumnak \u00e9s a K\u00f6nyvt\u00e1rnak k\u00f6z\u00f6s feladata, hogy az orsz\u00e1g legr\u00e9gebbi evang\u00e9likus gy\u00fclekezet\u00e9nek m\u00faltj\u00e1t hitelesen, de a ma embere sz\u00e1m\u00e1ra k\u00f6nnyen befogadhat\u00f3an, szem\u00e9lyes hangon k\u00f6zvet\u00edtse. A gy\u0171jtem\u00e9ny\u00e9be ker\u00fclt t\u00e1rgyakat \u0151rizze, konzerv\u00e1lja vagy restaur\u00e1lja, a kutat\u00f3k \u00e9s l\u00e1togat\u00f3k sz\u00e1m\u00e1ra ig\u00e9ny eset\u00e9n el\u00e9rhet\u0151v\u00e9 tegye, m\u00faltj\u00e1t kutassa \u00e9s a feldolgozott eredm\u00e9nyeket [&hellip;]<\/p>\n","protected":false},"author":1,"featured_media":0,"parent":52,"menu_order":0,"comment_status":"closed","ping_status":"closed","template":"","meta":{"footnotes":""},"class_list":["post-94","page","type-page","status-publish","hentry"],"_links":{"self":[{"href":"https:\/\/sopronigyujtemenyek.lutheran.hu\/index.php?rest_route=\/wp\/v2\/pages\/94","targetHints":{"allow":["GET"]}}],"collection":[{"href":"https:\/\/sopronigyujtemenyek.lutheran.hu\/index.php?rest_route=\/wp\/v2\/pages"}],"about":[{"href":"https:\/\/sopronigyujtemenyek.lutheran.hu\/index.php?rest_route=\/wp\/v2\/types\/page"}],"author":[{"embeddable":true,"href":"https:\/\/sopronigyujtemenyek.lutheran.hu\/index.php?rest_route=\/wp\/v2\/users\/1"}],"replies":[{"embeddable":true,"href":"https:\/\/sopronigyujtemenyek.lutheran.hu\/index.php?rest_route=%2Fwp%2Fv2%2Fcomments&post=94"}],"version-history":[{"count":6,"href":"https:\/\/sopronigyujtemenyek.lutheran.hu\/index.php?rest_route=\/wp\/v2\/pages\/94\/revisions"}],"predecessor-version":[{"id":575,"href":"https:\/\/sopronigyujtemenyek.lutheran.hu\/index.php?rest_route=\/wp\/v2\/pages\/94\/revisions\/575"}],"up":[{"embeddable":true,"href":"https:\/\/sopronigyujtemenyek.lutheran.hu\/index.php?rest_route=\/wp\/v2\/pages\/52"}],"wp:attachment":[{"href":"https:\/\/sopronigyujtemenyek.lutheran.hu\/index.php?rest_route=%2Fwp%2Fv2%2Fmedia&parent=94"}],"curies":[{"name":"wp","href":"https:\/\/api.w.org\/{rel}","templated":true}]}}